{"id":1976,"date":"2023-06-21T10:58:37","date_gmt":"2023-06-21T08:58:37","guid":{"rendered":"https:\/\/life2023.ichb.pl\/?page_id=1976"},"modified":"2023-08-17T11:55:50","modified_gmt":"2023-08-17T09:55:50","slug":"klauzula","status":"publish","type":"page","link":"https:\/\/life2023.ichb.pl\/en\/home\/klauzula\/","title":{"rendered":"Klauzula"},"content":{"rendered":"\t\t<div data-elementor-type=\"wp-page\" data-elementor-id=\"1976\" class=\"elementor elementor-1976\" data-elementor-post-type=\"page\">\n\t\t\t\t\t\t<\/div>\n\t\t","protected":false},"excerpt":{"rendered":"<p>Administratorem zebranych danych osobowych jest Instytut Chemii Bioorganicznej Polskiej Akademii Nauk w\u00a0Poznaniu z siedzib\u0105 przy ul. Z.Noskowskiego 12\/14, 61-704 Pozna\u0144, tel. 61\u00a0852 85 03, e-mail. ibch@ibch.poznan.pl \u00a0(zwany dalej Instytut). Administrator wyznaczy\u0142 Inspektora Ochrony Danych, z kt\u00f3rym mo\u017cna si\u0119 kontaktowa\u0107 pisemnie, za pomoc\u0105 poczty tradycyjnej pisz\u0105c na adres Instytutu: Inspektor Ochrony Danych, Instytut Chemii Bioorganicznej Polskiej [&hellip;]<\/p>\n","protected":false},"author":1,"featured_media":0,"parent":28,"menu_order":0,"comment_status":"closed","ping_status":"closed","template":"","meta":{"footnotes":""},"class_list":["post-1976","page","type-page","status-publish","hentry"],"_links":{"self":[{"href":"https:\/\/life2023.ichb.pl\/en\/wp-json\/wp\/v2\/pages\/1976","targetHints":{"allow":["GET"]}}],"collection":[{"href":"https:\/\/life2023.ichb.pl\/en\/wp-json\/wp\/v2\/pages"}],"about":[{"href":"https:\/\/life2023.ichb.pl\/en\/wp-json\/wp\/v2\/types\/page"}],"author":[{"embeddable":true,"href":"https:\/\/life2023.ichb.pl\/en\/wp-json\/wp\/v2\/users\/1"}],"replies":[{"embeddable":true,"href":"https:\/\/life2023.ichb.pl\/en\/wp-json\/wp\/v2\/comments?post=1976"}],"version-history":[{"count":0,"href":"https:\/\/life2023.ichb.pl\/en\/wp-json\/wp\/v2\/pages\/1976\/revisions"}],"up":[{"embeddable":true,"href":"https:\/\/life2023.ichb.pl\/en\/wp-json\/wp\/v2\/pages\/28"}],"wp:attachment":[{"href":"https:\/\/life2023.ichb.pl\/en\/wp-json\/wp\/v2\/media?parent=1976"}],"curies":[{"name":"wp","href":"https:\/\/api.w.org\/{rel}","templated":true}]}}