{"id":1992,"date":"2023-06-21T14:36:03","date_gmt":"2023-06-21T12:36:03","guid":{"rendered":"https:\/\/life2023.ichb.pl\/?page_id=1992"},"modified":"2023-07-24T12:33:23","modified_gmt":"2023-07-24T10:33:23","slug":"polityka-prywatnosci","status":"publish","type":"page","link":"https:\/\/life2023.ichb.pl\/en\/home\/polityka-prywatnosci\/","title":{"rendered":"Polityka prywatno\u015bci"},"content":{"rendered":"\t\t<div data-elementor-type=\"wp-page\" data-elementor-id=\"1992\" class=\"elementor elementor-1992\" data-elementor-post-type=\"page\">\n\t\t\t\t\t\t<\/div>\n\t\t","protected":false},"excerpt":{"rendered":"<p>Opis konferencji The conference \u201eUnderstand and Describe Life\u201dwill showcase technological advances and their innovative biological applications for understanding life from different angles, including structural and molecular biology, single-cell and population-wide studies, synthetic biology and cell engineering, as well as data science.Zakres niniejszej informacji o polityce prywatno\u015bci Niniejsza Polityka prywatno\u015bci okre\u015bla kryteria i warunki, na jakich [&hellip;]<\/p>\n","protected":false},"author":1,"featured_media":0,"parent":28,"menu_order":0,"comment_status":"closed","ping_status":"closed","template":"","meta":{"footnotes":""},"class_list":["post-1992","page","type-page","status-publish","hentry"],"_links":{"self":[{"href":"https:\/\/life2023.ichb.pl\/en\/wp-json\/wp\/v2\/pages\/1992","targetHints":{"allow":["GET"]}}],"collection":[{"href":"https:\/\/life2023.ichb.pl\/en\/wp-json\/wp\/v2\/pages"}],"about":[{"href":"https:\/\/life2023.ichb.pl\/en\/wp-json\/wp\/v2\/types\/page"}],"author":[{"embeddable":true,"href":"https:\/\/life2023.ichb.pl\/en\/wp-json\/wp\/v2\/users\/1"}],"replies":[{"embeddable":true,"href":"https:\/\/life2023.ichb.pl\/en\/wp-json\/wp\/v2\/comments?post=1992"}],"version-history":[{"count":0,"href":"https:\/\/life2023.ichb.pl\/en\/wp-json\/wp\/v2\/pages\/1992\/revisions"}],"up":[{"embeddable":true,"href":"https:\/\/life2023.ichb.pl\/en\/wp-json\/wp\/v2\/pages\/28"}],"wp:attachment":[{"href":"https:\/\/life2023.ichb.pl\/en\/wp-json\/wp\/v2\/media?parent=1992"}],"curies":[{"name":"wp","href":"https:\/\/api.w.org\/{rel}","templated":true}]}}