{"id":605,"date":"2023-05-30T21:41:03","date_gmt":"2023-05-30T19:41:03","guid":{"rendered":"https:\/\/life2023.ichb.pl\/?page_id=605"},"modified":"2023-10-03T18:10:55","modified_gmt":"2023-10-03T16:10:55","slug":"jubilee","status":"publish","type":"page","link":"https:\/\/life2023.ichb.pl\/pl\/home\/jubilee\/","title":{"rendered":"Jubileusz"},"content":{"rendered":"<div data-elementor-type=\"wp-page\" data-elementor-id=\"605\" class=\"elementor elementor-605\" data-elementor-post-type=\"page\">\n\t\t\t\t<main class=\"elementor-element elementor-element-9821545 e-con-full e-flex e-con e-parent\" data-id=\"9821545\" data-element_type=\"container\" data-e-type=\"container\" id=\"content\" data-settings=\"{&quot;background_background&quot;:&quot;classic&quot;,&quot;jet_parallax_layout_list&quot;:[]}\">\n\t\t<div class=\"elementor-element elementor-element-2ae59b2 e-flex e-con-boxed e-con e-child\" data-id=\"2ae59b2\" data-element_type=\"container\" data-e-type=\"container\" data-settings=\"{&quot;jet_parallax_layout_list&quot;:[]}\">\n\t\t\t\t\t<div class=\"e-con-inner\">\n\t\t\t\t<div class=\"elementor-element elementor-element-608585a elementor-widget__width-initial elementor-widget-tablet__width-inherit two-color elementor-widget elementor-widget-heading\" data-id=\"608585a\" data-element_type=\"widget\" data-e-type=\"widget\" data-widget_type=\"heading.default\">\n\t\t\t\t<div class=\"elementor-widget-container\">\n\t\t\t\t\t<p class=\"elementor-heading-title elementor-size-default translation-block\">W 2023 roku Instytut Chemii Bioorganicznej Polskiej Akademii Nauk obchodzi 35 rocznic\u0119 powstania. Zbiega si\u0119 ona z 30 rocznic\u0105 powo\u0142ania przy Instytucie, Pozna\u0144skiego Centrum Superkomputerowo-Sieciowego.<\/p>\t\t\t\t<\/div>\n\t\t\t\t<\/div>\n\t\t<div class=\"elementor-element elementor-element-ad9306e e-con-full e-flex e-con e-child\" data-id=\"ad9306e\" data-element_type=\"container\" data-e-type=\"container\" data-settings=\"{&quot;jet_parallax_layout_list&quot;:[]}\">\n\t\t\t\t<div class=\"elementor-element elementor-element-5158cff elementor-widget-tablet__width-initial elementor-widget elementor-widget-heading\" data-id=\"5158cff\" data-element_type=\"widget\" data-e-type=\"widget\" data-widget_type=\"heading.default\">\n\t\t\t\t<div class=\"elementor-widget-container\">\n\t\t\t\t\t<p class=\"elementor-heading-title elementor-size-default\">Z tej okazji, na jubileuszowej konferencji 13-15 listopada 2023 r. chcieliby\u015bmy podsumowa\u0107 nasze najwi\u0119ksze osi\u0105gni\u0119cia i wsp\u00f3lnie z przedstawicielami krajowego i mi\u0119dzynarodowego \u015brodowiska naukowego zastanowi\u0107 si\u0119, jak nowoczesne technologie pozwalaj\u0105 poznawa\u0107 tajemnice \u017cycia na r\u00f3\u017cnych jego poziomach.<\/p>\t\t\t\t<\/div>\n\t\t\t\t<\/div>\n\t\t\t\t<\/div>\n\t\t\t\t\t<\/div>\n\t\t\t\t<\/div>\n\t\t<div class=\"elementor-element elementor-element-818cabd e-flex e-con-boxed e-con e-child\" data-id=\"818cabd\" data-element_type=\"container\" data-e-type=\"container\" data-settings=\"{&quot;jet_parallax_layout_list&quot;:[],&quot;background_background&quot;:&quot;classic&quot;}\">\n\t\t\t\t\t<div class=\"e-con-inner\">\n\t\t<div class=\"elementor-element elementor-element-3c0acee e-con-full e-flex e-con e-child\" data-id=\"3c0acee\" data-element_type=\"container\" data-e-type=\"container\" data-settings=\"{&quot;background_background&quot;:&quot;classic&quot;,&quot;jet_parallax_layout_list&quot;:[]}\">\n\t\t\t\t<\/div>\n\t\t\t\t\t<\/div>\n\t\t\t\t<\/div>\n\t\t<div class=\"elementor-element elementor-element-891e932 e-flex e-con-boxed e-con e-child\" data-id=\"891e932\" data-element_type=\"container\" data-e-type=\"container\" data-settings=\"{&quot;jet_parallax_layout_list&quot;:[]}\">\n\t\t\t\t\t<div class=\"e-con-inner\">\n\t\t\t\t<div class=\"elementor-element elementor-element-6565e0e elementor-widget__width-initial elementor-widget-tablet__width-initial two-color elementor-widget elementor-widget-heading\" data-id=\"6565e0e\" data-element_type=\"widget\" data-e-type=\"widget\" data-widget_type=\"heading.default\">\n\t\t\t\t<div class=\"elementor-widget-container\">\n\t\t\t\t\t<h2 class=\"elementor-heading-title elementor-size-default\"><span class=\"orange\">Instytut <\/span> kiedy\u015b i teraz\n<\/h2>\t\t\t\t<\/div>\n\t\t\t\t<\/div>\n\t\t<div class=\"elementor-element elementor-element-330ad7e e-con-full e-flex e-con e-child\" data-id=\"330ad7e\" data-element_type=\"container\" data-e-type=\"container\" data-settings=\"{&quot;jet_parallax_layout_list&quot;:[]}\">\n\t\t\t\t<div class=\"elementor-element elementor-element-cb44fd1 elementor-widget__width-initial elementor-widget elementor-widget-image\" data-id=\"cb44fd1\" data-element_type=\"widget\" data-e-type=\"widget\" data-widget_type=\"image.default\">\n\t\t\t\t<div class=\"elementor-widget-container\">\n\t\t\t\t\t\t\t\t\t\t\t\t\t\t\t<img fetchpriority=\"high\" decoding=\"async\" width=\"800\" height=\"809\" src=\"https:\/\/life2023.ichb.pl\/wp-content\/uploads\/2023\/06\/image-6-1.png\" class=\"attachment-full size-full wp-image-1296\" alt=\"Prob\u00f3wki\" srcset=\"https:\/\/life2023.ichb.pl\/wp-content\/uploads\/2023\/06\/image-6-1.png 800w, https:\/\/life2023.ichb.pl\/wp-content\/uploads\/2023\/06\/image-6-1-297x300.png 297w, https:\/\/life2023.ichb.pl\/wp-content\/uploads\/2023\/06\/image-6-1-768x777.png 768w\" sizes=\"(max-width: 800px) 100vw, 800px\" \/>\t\t\t\t\t\t\t\t\t\t\t\t\t\t\t<\/div>\n\t\t\t\t<\/div>\n\t\t\t\t<div class=\"elementor-element elementor-element-e2b8d97 elementor-widget__width-initial elementor-widget-mobile__width-initial elementor-widget elementor-widget-heading\" data-id=\"e2b8d97\" data-element_type=\"widget\" data-e-type=\"widget\" data-widget_type=\"heading.default\">\n\t\t\t\t<div class=\"elementor-widget-container\">\n\t\t\t\t\t<p class=\"elementor-heading-title elementor-size-default\">ICHB PAN\u00a0zosta\u0142 utworzony 6 lutego 1988 r., cho\u0107 pocz\u0105tk\u00f3w jego historii nale\u017cy szuka\u0107 ju\u017c w po\u0142owie lat 50-tych ubieg\u0142ego wieku, kiedy to w obr\u0119bie pozna\u0144skich uczelni dzia\u0142a\u0142y dwie specjalistyczne pracownie Polskiej Akademii Nauk: Pracownia Alkaloid\u00f3w kierowana przez prof. Jerzego Suszk\u0119, oraz Pracownia Biochemii Ro\u015blin, kt\u00f3rej kierownikiem by\u0142 prof. Stefan Barbacki. W roku 1969 dosz\u0142o do po\u0142\u0105czenia obu pracowni i utworzenia Zak\u0142adu Stereochemii Produkt\u00f3w Naturalnych PAN, afiliowanego przy warszawskim Instytucie Chemii Organicznej PAN. <\/p>\t\t\t\t<\/div>\n\t\t\t\t<\/div>\n\t\t\t\t<\/div>\n\t\t\t\t\t<\/div>\n\t\t\t\t<\/div>\n\t\t<div class=\"elementor-element elementor-element-7ae8b1a e-flex e-con-boxed e-con e-child\" data-id=\"7ae8b1a\" data-element_type=\"container\" data-e-type=\"container\" data-settings=\"{&quot;jet_parallax_layout_list&quot;:[],&quot;background_background&quot;:&quot;classic&quot;}\">\n\t\t\t\t\t<div class=\"e-con-inner\">\n\t\t<div class=\"elementor-element elementor-element-04f2990 e-con-full e-flex e-con e-child\" data-id=\"04f2990\" data-element_type=\"container\" data-e-type=\"container\" data-settings=\"{&quot;jet_parallax_layout_list&quot;:[]}\">\n\t\t<div class=\"elementor-element elementor-element-2331289 e-con-full e-flex e-con e-child\" data-id=\"2331289\" data-element_type=\"container\" data-e-type=\"container\" data-settings=\"{&quot;jet_parallax_layout_list&quot;:[]}\">\n\t\t\t\t<div class=\"elementor-element elementor-element-e0b0b0b two-color elementor-widget elementor-widget-heading\" data-id=\"e0b0b0b\" data-element_type=\"widget\" data-e-type=\"widget\" data-widget_type=\"heading.default\">\n\t\t\t\t<div class=\"elementor-widget-container\">\n\t\t\t\t\t<p class=\"elementor-heading-title elementor-size-default\"> Na czele nowej plac\u00f3wki stan\u0105\u0142 <span class=\"orange\">prof. Maciej Wiewi\u00f3rowski<\/span>, kt\u00f3ry zainicjowa\u0142 w niej tematyk\u0119 z obszaru chemii i biologii kwas\u00f3w nukleinowych. Do dzisiaj pozostaje ona wiod\u0105cym nurtem badawczym Instytutu.<\/p>\t\t\t\t<\/div>\n\t\t\t\t<\/div>\n\t\t\t\t<\/div>\n\t\t<div class=\"elementor-element elementor-element-c07fd92 e-con-full elementor-hidden-mobile e-flex e-con e-child\" data-id=\"c07fd92\" data-element_type=\"container\" data-e-type=\"container\" data-settings=\"{&quot;jet_parallax_layout_list&quot;:[],&quot;background_background&quot;:&quot;classic&quot;}\">\n\t\t\t\t<\/div>\n\t\t\t\t<\/div>\n\t\t<div class=\"elementor-element elementor-element-879933c e-con-full e-flex e-con e-child\" data-id=\"879933c\" data-element_type=\"container\" data-e-type=\"container\" data-settings=\"{&quot;jet_parallax_layout_list&quot;:[]}\">\n\t\t<div class=\"elementor-element elementor-element-10e63e2 e-con-full e-flex e-con e-child\" data-id=\"10e63e2\" data-element_type=\"container\" data-e-type=\"container\" data-settings=\"{&quot;jet_parallax_layout_list&quot;:[]}\">\n\t\t\t\t<div class=\"elementor-element elementor-element-9222aaa elementor-widget elementor-widget-image\" data-id=\"9222aaa\" data-element_type=\"widget\" data-e-type=\"widget\" data-widget_type=\"image.default\">\n\t\t\t\t<div class=\"elementor-widget-container\">\n\t\t\t\t\t\t\t\t\t\t\t\t\t\t\t<img decoding=\"async\" width=\"640\" height=\"733\" src=\"https:\/\/life2023.ichb.pl\/wp-content\/uploads\/2023\/07\/Maciej_Wiewiorowski.jpg\" class=\"attachment-full size-full wp-image-2086\" alt=\"Posta\u0107 przemawiaj\u0105cego cz\u0142owieka (Maciej Wiewi\u00f3rowski)\" srcset=\"https:\/\/life2023.ichb.pl\/wp-content\/uploads\/2023\/07\/Maciej_Wiewiorowski.jpg 640w, https:\/\/life2023.ichb.pl\/wp-content\/uploads\/2023\/07\/Maciej_Wiewiorowski-262x300.jpg 262w, https:\/\/life2023.ichb.pl\/wp-content\/uploads\/2023\/07\/Maciej_Wiewiorowski-10x12.jpg 10w\" sizes=\"(max-width: 640px) 100vw, 640px\" \/>\t\t\t\t\t\t\t\t\t\t\t\t\t\t\t<\/div>\n\t\t\t\t<\/div>\n\t\t\t\t<div class=\"elementor-element elementor-element-ccc5490 elementor-widget elementor-widget-heading\" data-id=\"ccc5490\" data-element_type=\"widget\" data-e-type=\"widget\" data-widget_type=\"heading.default\">\n\t\t\t\t<div class=\"elementor-widget-container\">\n\t\t\t\t\t<p class=\"elementor-heading-title elementor-size-default\">prof. Maciej Wiewi\u00f3rowski<\/p>\t\t\t\t<\/div>\n\t\t\t\t<\/div>\n\t\t\t\t<\/div>\n\t\t<div class=\"elementor-element elementor-element-ebfd89c e-con-full e-flex e-con e-child\" data-id=\"ebfd89c\" data-element_type=\"container\" data-e-type=\"container\" data-settings=\"{&quot;jet_parallax_layout_list&quot;:[]}\">\n\t\t\t\t<div class=\"elementor-element elementor-element-e71a43d elementor-widget elementor-widget-heading\" data-id=\"e71a43d\" data-element_type=\"widget\" data-e-type=\"widget\" data-widget_type=\"heading.default\">\n\t\t\t\t<div class=\"elementor-widget-container\">\n\t\t\t\t\t<p class=\"elementor-heading-title elementor-size-default\">W roku 1974 Zak\u0142ad Stereochemii Produkt\u00f3w Naturalnych PAN zosta\u0142 przeniesiony z Collegium Chemicum UAM do nowej siedziby przy ul. Z. Noskowskiego 12\/14, a sze\u015b\u0107 lat p\u00f3\u017aniej, w 1980 uzyska\u0142 samodzielno\u015b\u0107 i zmieni\u0142 nazw\u0119 na Zak\u0142ad Chemii Bioorganicznej PAN przekszta\u0142cony 8 lat p\u00f3\u017aniej w Instytut Chemii Bioorganicznej PAN.<\/p>\t\t\t\t<\/div>\n\t\t\t\t<\/div>\n\t\t\t\t<div class=\"elementor-element elementor-element-9e6c96a elementor-widget elementor-widget-heading\" data-id=\"9e6c96a\" data-element_type=\"widget\" data-e-type=\"widget\" data-widget_type=\"heading.default\">\n\t\t\t\t<div class=\"elementor-widget-container\">\n\t\t\t\t\t<p class=\"elementor-heading-title elementor-size-default\">Sze\u015b\u0107 lat p\u00f3\u017aniej, w 1980 uzyska\u0142 samodzielno\u015b\u0107 i zmieni\u0142 nazw\u0119 na Zak\u0142ad Chemii Bioorganicznej PAN przekszta\u0142cony 8 lat p\u00f3\u017aniej w Instytut Chemii Bioorganicznej PAN.\nNast\u0119pne 35 lat to okres dynamicznego rozwoju Instytutu, najpierw pod dyrekcj\u0105 prof. Macieja Wiewi\u00f3rowskiego (1988), a nast\u0119pnie prof. Andrzeja B. Legockiego (1988-2003), prof. Wojciecha T. Markiewicza (2003-2011) i prof. Marka Figlerowicza (2011-2023). Od 1993 przy Instytucie afiliowane jest Pozna\u0144skie Centrum Superkomputerowo-Sieciowe (PCSS), kierowane przez prof. Jana W\u0119glarza (1993-2019), a obecnie przez dr. Cezarego Mazurka (2019-).\n<\/p>\t\t\t\t<\/div>\n\t\t\t\t<\/div>\n\t\t\t\t<\/div>\n\t\t\t\t<\/div>\n\t\t\t\t\t<\/div>\n\t\t\t\t<\/div>\n\t\t<div class=\"elementor-element elementor-element-ee38a0c e-flex e-con-boxed e-con e-child\" data-id=\"ee38a0c\" data-element_type=\"container\" data-e-type=\"container\" data-settings=\"{&quot;jet_parallax_layout_list&quot;:[],&quot;background_background&quot;:&quot;classic&quot;}\">\n\t\t\t\t\t<div class=\"e-con-inner\">\n\t\t\t\t<div class=\"elementor-element elementor-element-80c2ad6 elementor-widget__width-initial two-color elementor-widget elementor-widget-heading\" data-id=\"80c2ad6\" data-element_type=\"widget\" data-e-type=\"widget\" data-widget_type=\"heading.default\">\n\t\t\t\t<div class=\"elementor-widget-container\">\n\t\t\t\t\t<p class=\"elementor-heading-title elementor-size-default\">Dzi\u015b, w ICHB PAN zatrudnionych jest ponad <span class=\"orange\">700 pracownik\u00f3w<\/span>, z czego ok. po\u0142owa pracuje w PCSS.\n<\/p>\t\t\t\t<\/div>\n\t\t\t\t<\/div>\n\t\t<div class=\"elementor-element elementor-element-bacb883 e-con-full e-flex e-con e-child\" data-id=\"bacb883\" data-element_type=\"container\" data-e-type=\"container\" data-settings=\"{&quot;jet_parallax_layout_list&quot;:[]}\">\n\t\t\t\t<div class=\"elementor-element elementor-element-1796c28 elementor-widget__width-initial elementor-widget elementor-widget-heading\" data-id=\"1796c28\" data-element_type=\"widget\" data-e-type=\"widget\" data-widget_type=\"heading.default\">\n\t\t\t\t<div class=\"elementor-widget-container\">\n\t\t\t\t\t<p class=\"elementor-heading-title elementor-size-default\">Prace badawcze w cz\u0119\u015bci biologiczno-chemicznej realizuje ok. 120 naukowc\u00f3w wspieranych przez ok. 90 pracownik\u00f3w in\u017cynieryjno-technicznych i ok. 80 doktorant\u00f3w realizuj\u0105cych prace w ramach \u015arodowiskowego Studium Doktoranckiego ICHB PAN i Pozna\u0144skiej Szko\u0142y Doktorskiej Instytut\u00f3w Polskiej Akademii Nauk. <\/p>\t\t\t\t<\/div>\n\t\t\t\t<\/div>\n\t\t\t\t<div class=\"elementor-element elementor-element-8554ecf elementor-widget elementor-widget-heading\" data-id=\"8554ecf\" data-element_type=\"widget\" data-e-type=\"widget\" data-widget_type=\"heading.default\">\n\t\t\t\t<div class=\"elementor-widget-container\">\n\t\t\t\t\t<p class=\"elementor-heading-title elementor-size-default\">Rada Naukowa ICHB PAN ma uprawnienia do nadawania stopnia doktora i stopnia doktora habilitowanego w dziedzinie nauk \u015bcis\u0142ych i przyrodniczych, w dw\u00f3ch dyscyplinach: nauki chemiczne i nauki biologiczne. W obr\u0119bie ICHB PAN dzia\u0142aj\u0105 32 zak\u0142ady naukowe, a wspomaga je 12 pracowni specjalistycznych, oferuj\u0105cych wysokiej klasy zaplecze aparaturowe.\n<\/p>\t\t\t\t<\/div>\n\t\t\t\t<\/div>\n\t\t\t\t<\/div>\n\t\t\t\t\t<\/div>\n\t\t\t\t<\/div>\n\t\t<div class=\"elementor-element elementor-element-09bbc33 e-flex e-con-boxed e-con e-child\" data-id=\"09bbc33\" data-element_type=\"container\" data-e-type=\"container\" data-settings=\"{&quot;jet_parallax_layout_list&quot;:[]}\">\n\t\t\t\t\t<div class=\"e-con-inner\">\n\t\t<div class=\"elementor-element elementor-element-1755a66 e-con-full e-flex e-con e-child\" data-id=\"1755a66\" data-element_type=\"container\" data-e-type=\"container\" data-settings=\"{&quot;background_background&quot;:&quot;classic&quot;,&quot;jet_parallax_layout_list&quot;:[]}\">\n\t\t\t\t<\/div>\n\t\t\t\t\t<\/div>\n\t\t\t\t<\/div>\n\t\t<div class=\"elementor-element elementor-element-f2ab347 e-flex e-con-boxed e-con e-child\" data-id=\"f2ab347\" data-element_type=\"container\" data-e-type=\"container\" data-settings=\"{&quot;jet_parallax_layout_list&quot;:[]}\">\n\t\t\t\t\t<div class=\"e-con-inner\">\n\t\t\t\t<div class=\"elementor-element elementor-element-efe2a60 elementor-widget elementor-widget-heading\" data-id=\"efe2a60\" data-element_type=\"widget\" data-e-type=\"widget\" data-widget_type=\"heading.default\">\n\t\t\t\t<div class=\"elementor-widget-container\">\n\t\t\t\t\t<p class=\"elementor-heading-title elementor-size-default\">Instytut pozostaje czo\u0142ow\u0105 polsk\u0105 plac\u00f3wk\u0105 naukow\u0105 prowadz\u0105c\u0105 badania w dziedzinie nauk przyrodniczych (kategoria A+ w dziedzinach nauk biologicznych i chemicznych oraz A w dziedzinie informatyki technicznej i telekomunikacji) i jednym z krajowych lider\u00f3w w pozyskiwaniu \u015brodk\u00f3w unijnych, w tym grant\u00f3w przyznawanych w ramach Program\u00f3w Ramowych UE oraz funduszy strukturalnych. Instytut by\u0142 wielokrotnie nagradzany, w tym nagrod\u0105 'Kryszta\u0142owej Brukselki' za pozyskiwanie grant\u00f3w unijnych (pi\u0119ciokrotnie). <\/p>\t\t\t\t<\/div>\n\t\t\t\t<\/div>\n\t\t\t\t<div class=\"elementor-element elementor-element-a328c38 elementor-widget elementor-widget-heading\" data-id=\"a328c38\" data-element_type=\"widget\" data-e-type=\"widget\" data-widget_type=\"heading.default\">\n\t\t\t\t<div class=\"elementor-widget-container\">\n\t\t\t\t\t<p class=\"elementor-heading-title elementor-size-default\">R\u00f3wnie\u017c naukowcy Instytutu otrzymali szereg wyr\u00f3\u017cnie\u0144, w tym trzykrotnie najbardziej presti\u017cow\u0105 Nagrod\u0119 Fundacji na Rzecz Nauki Polskiej, zwan\u0105 'polskim Noblem' (prof. Jan W\u0119glarz, prof. Mariusz Jask\u00f3lski, prof. W\u0142odzimierz J. Krzy\u017cosiak).\u00a0\n<\/p>\t\t\t\t<\/div>\n\t\t\t\t<\/div>\n\t\t\t\t\t<\/div>\n\t\t\t\t<\/div>\n\t\t<div class=\"elementor-element elementor-element-095fdbc e-flex e-con-boxed e-con e-child\" data-id=\"095fdbc\" data-element_type=\"container\" data-e-type=\"container\" data-settings=\"{&quot;jet_parallax_layout_list&quot;:[],&quot;background_background&quot;:&quot;classic&quot;}\">\n\t\t\t\t\t<div class=\"e-con-inner\">\n\t\t<div class=\"elementor-element elementor-element-2308609 e-con-full e-flex e-con e-child\" data-id=\"2308609\" data-element_type=\"container\" data-e-type=\"container\" data-settings=\"{&quot;jet_parallax_layout_list&quot;:[]}\">\n\t\t\t\t<div class=\"elementor-element elementor-element-bba5566 elementor-widget elementor-widget-heading\" data-id=\"bba5566\" data-element_type=\"widget\" data-e-type=\"widget\" data-widget_type=\"heading.default\">\n\t\t\t\t<div class=\"elementor-widget-container\">\n\t\t\t\t\t<h2 class=\"elementor-heading-title elementor-size-default\">Pozna\u0144skie Centrum Superkomputerowo - Sieciowe (PCSS)<\/h2>\t\t\t\t<\/div>\n\t\t\t\t<\/div>\n\t\t\t\t<div class=\"elementor-element elementor-element-cd551b0 elementor-hidden-mobile elementor-widget elementor-widget-image\" data-id=\"cd551b0\" data-element_type=\"widget\" data-e-type=\"widget\" data-widget_type=\"image.default\">\n\t\t\t\t<div class=\"elementor-widget-container\">\n\t\t\t\t\t\t\t\t\t\t\t\t\t\t\t<img decoding=\"async\" width=\"892\" height=\"492\" src=\"https:\/\/life2023.ichb.pl\/wp-content\/uploads\/2023\/05\/2.png\" class=\"attachment-full size-full wp-image-923\" alt=\"\" srcset=\"https:\/\/life2023.ichb.pl\/wp-content\/uploads\/2023\/05\/2.png 892w, https:\/\/life2023.ichb.pl\/wp-content\/uploads\/2023\/05\/2-300x165.png 300w, https:\/\/life2023.ichb.pl\/wp-content\/uploads\/2023\/05\/2-768x424.png 768w\" sizes=\"(max-width: 892px) 100vw, 892px\" \/>\t\t\t\t\t\t\t\t\t\t\t\t\t\t\t<\/div>\n\t\t\t\t<\/div>\n\t\t\t\t<\/div>\n\t\t<div class=\"elementor-element elementor-element-d4f566b e-con-full e-flex e-con e-child\" data-id=\"d4f566b\" data-element_type=\"container\" data-e-type=\"container\" data-settings=\"{&quot;jet_parallax_layout_list&quot;:[]}\">\n\t\t<div class=\"elementor-element elementor-element-16fbe26 e-con-full e-flex e-con e-child\" data-id=\"16fbe26\" data-element_type=\"container\" data-e-type=\"container\" data-settings=\"{&quot;jet_parallax_layout_list&quot;:[],&quot;background_background&quot;:&quot;classic&quot;}\">\n\t\t\t\t<\/div>\n\t\t<div class=\"elementor-element elementor-element-da7a1e2 e-con-full e-flex e-con e-child\" data-id=\"da7a1e2\" data-element_type=\"container\" data-e-type=\"container\" data-settings=\"{&quot;jet_parallax_layout_list&quot;:[]}\">\n\t\t\t\t<div class=\"elementor-element elementor-element-47c487e elementor-widget elementor-widget-heading\" data-id=\"47c487e\" data-element_type=\"widget\" data-e-type=\"widget\" data-widget_type=\"heading.default\">\n\t\t\t\t<div class=\"elementor-widget-container\">\n\t\t\t\t\t<p class=\"elementor-heading-title elementor-size-default\">The PSNC is an internationally renowned node of the European research area in the field of information technology infrastructure for science and an important R&amp;D center for information and communication technologies. The PSNC is an important part of the global research and development base, carrying out projects mainly within the successive Framework Programmes of the European Union, but also supporting R&amp;D initiatives with more than a thousand partners from all over the world. Projects developed at the PSNC involve cooperation with almost a thousand entities from more than 60 countries worldwide, on 6 continents.<\/p>\t\t\t\t<\/div>\n\t\t\t\t<\/div>\n\t\t\t\t<\/div>\n\t\t\t\t<\/div>\n\t\t\t\t\t<\/div>\n\t\t\t\t<\/div>\n\t\t\t\t<\/main>\n\t\t\t\t<\/div>","protected":false},"excerpt":{"rendered":"<p>In 2023, the Institute of Bioorganic Chemistry of the Polish Academy of Sciences (IBCH PAS) is celebrating a double jubilee the 35th anniversary of its foundation and 30th anniversary of the establishment and affiliation with the Institute of the Pozna\u0144 Supercomputing and Networking Center (PSNC) . On this occasion, during the jubilee conference on November [&hellip;]<\/p>\n","protected":false},"author":4,"featured_media":0,"parent":28,"menu_order":0,"comment_status":"closed","ping_status":"closed","template":"","meta":{"footnotes":""},"class_list":["post-605","page","type-page","status-publish","hentry"],"_links":{"self":[{"href":"https:\/\/life2023.ichb.pl\/pl\/wp-json\/wp\/v2\/pages\/605","targetHints":{"allow":["GET"]}}],"collection":[{"href":"https:\/\/life2023.ichb.pl\/pl\/wp-json\/wp\/v2\/pages"}],"about":[{"href":"https:\/\/life2023.ichb.pl\/pl\/wp-json\/wp\/v2\/types\/page"}],"author":[{"embeddable":true,"href":"https:\/\/life2023.ichb.pl\/pl\/wp-json\/wp\/v2\/users\/4"}],"replies":[{"embeddable":true,"href":"https:\/\/life2023.ichb.pl\/pl\/wp-json\/wp\/v2\/comments?post=605"}],"version-history":[{"count":3,"href":"https:\/\/life2023.ichb.pl\/pl\/wp-json\/wp\/v2\/pages\/605\/revisions"}],"predecessor-version":[{"id":2959,"href":"https:\/\/life2023.ichb.pl\/pl\/wp-json\/wp\/v2\/pages\/605\/revisions\/2959"}],"up":[{"embeddable":true,"href":"https:\/\/life2023.ichb.pl\/pl\/wp-json\/wp\/v2\/pages\/28"}],"wp:attachment":[{"href":"https:\/\/life2023.ichb.pl\/pl\/wp-json\/wp\/v2\/media?parent=605"}],"curies":[{"name":"wp","href":"https:\/\/api.w.org\/{rel}","templated":true}]}}